{"id":277,"date":"2019-11-25T12:12:57","date_gmt":"2019-11-25T12:12:57","guid":{"rendered":"http:\/\/s807502248.mialojamiento.es\/?post_type=product&#038;p=277"},"modified":"2025-11-20T11:16:10","modified_gmt":"2025-11-20T10:16:10","slug":"tentadero","status":"publish","type":"product","link":"https:\/\/ganaderiagavira.es\/en\/tentadero\/","title":{"rendered":"Tentadero Explicado \u201cGanadero por un d\u00eda\u201d"},"content":{"rendered":"<p>\u00bfA que nunca ha tenido oportunidad de que le expliquen las cualidades que toreros y ganaderos apreciamos y valoramos en los toros (y vacas) bravas?<\/p>\n<p>El tentadero es la prueba que se realiza a las hembras de la ganader\u00eda cuando tienen entre 2 y 3 a\u00f1os para observar si ser\u00e1n dignas de ser madres, En la plaza de toros que posee la ganader\u00eda se realiza un toreo sin apenas sangre. Al adquirir este servicio podr\u00e1 conocer desde dentro la tradicional forma de seleccion y mejora de una ganaderia brava y las fases de la prueba y las cualidades que se exigen. Podr\u00e1 sentirse \u00abGanadero por un d\u00eda\u00bb.<\/p>\n<p>Colocamos un micro al torero y otro al ganadero y podr\u00e1 atender a sus explicaciones sobre las cualidades fundamentas que se exigen en la selecci\u00f3n desde hace m\u00e1s de 3 siglos. Adem\u00e1s podr\u00e1 comprobar su aprendizaje con una encuesta sobre las notas que Vd. punt\u00faa y las del ganadero.<\/p>\n<p>Ser\u00e1 un antes y un despu\u00e9s cada vez que presencie \u00a0la lidia de una animal bravo.<\/p>\n<p>&nbsp;<\/p>\n<p>Approximate Duration:<\/p>\n<p><strong>20-30 min. aprox.<\/strong><\/p>\n<p><strong>Precio por vaca.<\/strong><\/p>","protected":false},"excerpt":{"rendered":"<p>\u00bfA que nunca ha tenido oportunidad de que le expliquen las cualidades que toreros y ganaderos apreciamos y valoramos en los toros (y vacas) bravas? El tentadero es la prueba que se realiza a las hembras de la ganader\u00eda cuando tienen entre 2 y 3 a\u00f1os para observar si ser\u00e1n dignas de ser madres, En [&hellip;]<\/p>","protected":false},"featured_media":284,"comment_status":"open","ping_status":"closed","template":"","meta":[],"product_cat":[38,18],"product_tag":[],"_links":{"self":[{"href":"https:\/\/ganaderiagavira.es\/en\/wp-json\/wp\/v2\/product\/277"}],"collection":[{"href":"https:\/\/ganaderiagavira.es\/en\/wp-json\/wp\/v2\/product"}],"about":[{"href":"https:\/\/ganaderiagavira.es\/en\/wp-json\/wp\/v2\/types\/product"}],"replies":[{"embeddable":true,"href":"https:\/\/ganaderiagavira.es\/en\/wp-json\/wp\/v2\/comments?post=277"}],"version-history":[{"count":2,"href":"https:\/\/ganaderiagavira.es\/en\/wp-json\/wp\/v2\/product\/277\/revisions"}],"predecessor-version":[{"id":18737,"href":"https:\/\/ganaderiagavira.es\/en\/wp-json\/wp\/v2\/product\/277\/revisions\/18737"}],"wp:featuredmedia":[{"embeddable":true,"href":"https:\/\/ganaderiagavira.es\/en\/wp-json\/wp\/v2\/media\/284"}],"wp:attachment":[{"href":"https:\/\/ganaderiagavira.es\/en\/wp-json\/wp\/v2\/media?parent=277"}],"wp:term":[{"taxonomy":"product_cat","embeddable":true,"href":"https:\/\/ganaderiagavira.es\/en\/wp-json\/wp\/v2\/product_cat?post=277"},{"taxonomy":"product_tag","embeddable":true,"href":"https:\/\/ganaderiagavira.es\/en\/wp-json\/wp\/v2\/product_tag?post=277"}],"curies":[{"name":"wp","href":"https:\/\/api.w.org\/{rel}","templated":true}]}}