{"id":17408,"date":"2023-12-26T08:22:18","date_gmt":"2023-12-26T07:22:18","guid":{"rendered":"http:\/\/ganaderiagavira.es\/?post_type=product&#038;p=17408"},"modified":"2025-12-14T10:19:29","modified_gmt":"2025-12-14T09:19:29","slug":"herradero-y-desayuno-campero","status":"publish","type":"product","link":"https:\/\/ganaderiagavira.es\/en\/herradero-y-desayuno-campero\/","title":{"rendered":"Herradero y Desayuno Campero a 25\u20ac"},"content":{"rendered":"<p>\u00bfQuieres vivir una ma\u00f1ana campera?<\/p>\n<p>Una de las tareas de la Ganader\u00eda que m\u00e1s ilusi\u00f3n genera: El herradero, la ceremonia ganadera del \u201cbautizo\u201d de cada animal bravo, que podr\u00e1 ganarse por sus propios m\u00e9ritos, como ning\u00fan otro, no s\u00f3lo su vida en libertad hasta el final de sus d\u00edas, si no el paso a la posteridad.<\/p>\n<p>Es una labor casi siempre oculta, que ahora abrimos al p\u00fablico para conocimiento de cualquier persona con curiosidad por descubrir, un ambiente totalmente distendido, podr\u00e1s ver y si te ves preparad@, hasta realizar personalmente alguna labor.<\/p>\n<p>Hemos hecho coincidir esta faena con las VACACIONES DE COLEGIOS, para que ellos puedan ver \u00a0y comprobar c\u00f3mo se realiza esta tradici\u00f3n de siglos que es parte de su cultura.<\/p>\n<p><strong>D\u00eda 2 de ENERO 2026, de 9:30 hasta acabar (13:30 h. aprox)<\/strong><br \/>\n<strong>Con parada para desayuno\u00a0contundente<\/strong><\/p>\n<p>Precio \u00fanico de 25\u20ac<\/p>","protected":false},"excerpt":{"rendered":"<p>\u00bfQuieres vivir una ma\u00f1ana campera? Una de las tareas de la Ganader\u00eda que m\u00e1s ilusi\u00f3n genera: El herradero, la ceremonia ganadera del \u201cbautizo\u201d de cada animal bravo, que podr\u00e1 ganarse por sus propios m\u00e9ritos, como ning\u00fan otro, no s\u00f3lo su vida en libertad hasta el final de sus d\u00edas, si no el paso a la [&hellip;]<\/p>","protected":false},"featured_media":17411,"comment_status":"open","ping_status":"closed","template":"","meta":[],"product_cat":[18],"product_tag":[],"_links":{"self":[{"href":"https:\/\/ganaderiagavira.es\/en\/wp-json\/wp\/v2\/product\/17408"}],"collection":[{"href":"https:\/\/ganaderiagavira.es\/en\/wp-json\/wp\/v2\/product"}],"about":[{"href":"https:\/\/ganaderiagavira.es\/en\/wp-json\/wp\/v2\/types\/product"}],"replies":[{"embeddable":true,"href":"https:\/\/ganaderiagavira.es\/en\/wp-json\/wp\/v2\/comments?post=17408"}],"version-history":[{"count":5,"href":"https:\/\/ganaderiagavira.es\/en\/wp-json\/wp\/v2\/product\/17408\/revisions"}],"predecessor-version":[{"id":19871,"href":"https:\/\/ganaderiagavira.es\/en\/wp-json\/wp\/v2\/product\/17408\/revisions\/19871"}],"wp:featuredmedia":[{"embeddable":true,"href":"https:\/\/ganaderiagavira.es\/en\/wp-json\/wp\/v2\/media\/17411"}],"wp:attachment":[{"href":"https:\/\/ganaderiagavira.es\/en\/wp-json\/wp\/v2\/media?parent=17408"}],"wp:term":[{"taxonomy":"product_cat","embeddable":true,"href":"https:\/\/ganaderiagavira.es\/en\/wp-json\/wp\/v2\/product_cat?post=17408"},{"taxonomy":"product_tag","embeddable":true,"href":"https:\/\/ganaderiagavira.es\/en\/wp-json\/wp\/v2\/product_tag?post=17408"}],"curies":[{"name":"wp","href":"https:\/\/api.w.org\/{rel}","templated":true}]}}