{"id":3,"date":"2019-11-22T20:05:31","date_gmt":"2019-11-22T20:05:31","guid":{"rendered":"http:\/\/s807502248.mialojamiento.es\/?page_id=3"},"modified":"2019-12-20T08:18:11","modified_gmt":"2019-12-20T07:18:11","slug":"politica-privacidad","status":"publish","type":"page","link":"https:\/\/ganaderiagavira.es\/en\/politica-privacidad\/","title":{"rendered":"Pol\u00edtica de privacidad"},"content":{"rendered":"<div data-elementor-type=\"wp-page\" data-elementor-id=\"3\" class=\"elementor elementor-3\" data-elementor-post-type=\"page\">\n\t\t\t\t\t\t<section class=\"elementor-section elementor-top-section elementor-element elementor-element-48843a9a elementor-section-boxed elementor-section-height-default elementor-section-height-default\" data-id=\"48843a9a\" data-element_type=\"section\">\n\t\t\t\t\t\t<div class=\"elementor-container elementor-column-gap-default\">\n\t\t\t\t\t<div class=\"elementor-column elementor-col-100 elementor-top-column elementor-element elementor-element-757fd385\" data-id=\"757fd385\" data-element_type=\"column\">\n\t\t\t<div class=\"elementor-widget-wrap elementor-element-populated\">\n\t\t\t\t\t\t<div class=\"elementor-element elementor-element-2e053187 elementor-widget elementor-widget-text-editor\" data-id=\"2e053187\" data-element_type=\"widget\" data-widget_type=\"text-editor.default\">\n\t\t\t\t<div class=\"elementor-widget-container\">\n\t\t\t\t\t\t\t<!-- wp:paragraph -->\n<p><strong>POL\u00cdTICA DE PRIVACIDAD<\/strong><\/p>\n<!-- \/wp:paragraph --><!-- wp:paragraph -->\n<p><strong>Protecci\u00f3n de Datos<\/strong><\/p>\n<!-- \/wp:paragraph --><!-- wp:paragraph -->\n<p>De conformidad con lo dispuesto en la legislaci\u00f3n vigente en materia de protecci\u00f3n de datos personales, Reglamento General de Protecci\u00f3n de Datos (RGPD), seg\u00fan Reglamento (UE) 2016\/679 del Parlamento Europeo, desde\u00a0<strong>GANADERIA GAVIRA<\/strong>\u00a0se le informa que sus datos ser\u00e1n tratados con la finalidad de los servicios contratado y de facilitarle informaci\u00f3n de los mismos, quedando almacenados durante el tiempo que se mantenga la relaci\u00f3n contractual o durante los a\u00f1os necesarios para cumplir con las obligaciones legales estipuladas. As\u00ed mismo, se le informa que sus datos personales no ser\u00e1n cedidos a terceros, salvo que se disponga en una obligaci\u00f3n legal.<\/p>\n<!-- \/wp:paragraph --><!-- wp:paragraph -->\n<p>En todo caso, podr\u00e1 ejercer en cualquier momento, sus derechos de acceso, rectificaci\u00f3n, supresi\u00f3n, limitaci\u00f3n del tratamiento, portabilidad y oposici\u00f3n, los cuales podr\u00e1 ejercer dirigi\u00e9ndose a la siguiente direcci\u00f3n:\u00a0<strong>info@ganaderiagavira.es<\/strong><\/p>\n<!-- \/wp:paragraph --><!-- wp:paragraph -->\n<p><strong>www.ganaderiagavira.es<\/strong>\u00a0adoptar\u00e1 todas las Medidas de Seguridad en relaci\u00f3n con el tratamiento realizado y los datos tratados en ellos, de acuerdo con lo previsto en la legislaci\u00f3n vigente en materia de Protecci\u00f3n de Datos de Car\u00e1cter Personal, Reglamento General de Protecci\u00f3n de Datos (RGPD) y normas complementarias.<\/p>\n<!-- \/wp:paragraph --><!-- wp:paragraph -->\n<p>Los interesados que faciliten datos de car\u00e1cter personal, consienten\u00a0<strong>inequ\u00edvocamente<\/strong>\u00a0la incorporaci\u00f3n de sus datos a los sistemas de informaci\u00f3n, de los que sea responsable\u00a0 <strong>www.ganaderiagavira.es<\/strong> \u00a0as\u00ed como el tratamiento informatizado, o no, de los mismos para que puedan ser utilizados con la finalidad para la cual han sido recabados. Cualquier otro uso necesitar\u00e1 el consentimiento inequ\u00edvoco del afectado.<\/p>\n<!-- \/wp:paragraph --><!-- wp:paragraph -->\n<p>Los interesados cuyos datos sean objeto de tratamiento podr\u00e1n ejercitar gratuitamente los derechos de acceso, rectificaci\u00f3n, supresi\u00f3n, limitaci\u00f3n del tratamiento, portabilidad y oposici\u00f3n, sin efectos retroactivos dirigiendo comunicaci\u00f3n por escrito a\u00a0 <strong>www.ganaderiagavira.es<\/strong><\/p>\n<!-- \/wp:paragraph --><!-- wp:paragraph -->\n<p>En el momento de proceder a la recogida de los datos se indicar\u00e1 el car\u00e1cter voluntario u obligatorio de los datos objeto de recogida. La negativa a proporcionar los datos calificados como obligatorios supondr\u00e1 la no prestaci\u00f3n o la imposibilidad de acceder al servicio para los que eran solicitados.\u00a0<\/p>\n<!-- \/wp:paragraph --><!-- wp:paragraph -->\n<p>En el caso de que los interesados debieran facilitar su direcci\u00f3n de correo electr\u00f3nico para acceder a algunos de los servicios ofertados, podr\u00e1n manifestar que no desean recibir ning\u00fan tipo de comunicaci\u00f3n que\u00a0 <strong>www.ganaderiagavira.es<\/strong> \u00a0pudiese enviar, siempre que no est\u00e9 ligada estrictamente a la finalidad para la que se solicit\u00f3 el servicio<strong>\u00a0<\/strong> <strong>www.ganaderiagavira.es<\/strong> \u00a0pondr\u00e1 a disposici\u00f3n de los interesados que se hubiesen inscrito en alg\u00fan tipo de lista de correo dentro de este website los mecanismos adecuados para darse de baja de la misma.<\/p>\n<!-- \/wp:paragraph --><!-- wp:paragraph -->\n<p><strong>Pol\u00edtica de cookies<\/strong><\/p>\n<!-- \/wp:paragraph --><!-- wp:paragraph -->\n<p>Este web utiliza \u2018cookies\u2019 propias y de terceros para ofrecerle una mejor experiencia y servicio.<\/p>\n<!-- \/wp:paragraph --><!-- wp:paragraph -->\n<p>Al navegar o utilizar nuestros servicios el usuario acepta el uso que hacemos de las \u2018cookies\u2019. Sin embargo, el usuario tiene la opci\u00f3n de impedir la generaci\u00f3n de \u2018cookies\u2019 y la eliminaci\u00f3n de las mismas mediante la selecci\u00f3n de la correspondiente opci\u00f3n en su navegador.<\/p>\n<!-- \/wp:paragraph --><!-- wp:paragraph -->\n<p>En caso de bloquear el uso de \u2018cookies\u2019 en su navegador es posible que algunos servicios o funcionalidades de la p\u00e1gina web no est\u00e9n disponibles.<\/p>\n<!-- \/wp:paragraph --><!-- wp:paragraph -->\n<p><strong>Deber de informaci\u00f3n LSSI<\/strong><\/p>\n<!-- \/wp:paragraph --><!-- wp:paragraph -->\n<p>En cumplimiento con lo previsto en la Ley 34\/2002, de 11 de julio, de Servicios de la Sociedad de la Informaci\u00f3n y Comercio Electr\u00f3nico, se comunican los siguientes datos:<\/p>\n<!-- \/wp:paragraph --><!-- wp:paragraph -->\n<p><strong>\u00a0Juan Antonio Gavira Garc\u00eda<\/strong><\/p>\n<!-- \/wp:paragraph --><!-- wp:paragraph -->\n<p><strong>C.I.F.: 32047435V<\/strong><\/p>\n<!-- \/wp:paragraph --><!-- wp:paragraph -->\n<p><strong>DIRECCI\u00d3N: Ctra. C440 Km 88, 11370, Los Barrios<\/strong><\/p>\n<!-- \/wp:paragraph -->\t\t\t\t\t\t<\/div>\n\t\t\t\t<\/div>\n\t\t\t\t\t<\/div>\n\t\t<\/div>\n\t\t\t\t\t<\/div>\n\t\t<\/section>\n\t\t\t\t<\/div>","protected":false},"excerpt":{"rendered":"<p>POL\u00cdTICA DE PRIVACIDAD Protecci\u00f3n de Datos De conformidad con lo dispuesto en la legislaci\u00f3n vigente en materia de protecci\u00f3n de datos personales, Reglamento General de Protecci\u00f3n de Datos (RGPD), seg\u00fan Reglamento (UE) 2016\/679 del Parlamento Europeo, desde\u00a0GANADERIA GAVIRA\u00a0se le informa que sus datos ser\u00e1n tratados con la finalidad de los servicios contratado y de facilitarle [&hellip;]<\/p>","protected":false},"author":1,"featured_media":0,"parent":0,"menu_order":0,"comment_status":"closed","ping_status":"open","template":"elementor_header_footer","meta":{"footnotes":""},"_links":{"self":[{"href":"https:\/\/ganaderiagavira.es\/en\/wp-json\/wp\/v2\/pages\/3"}],"collection":[{"href":"https:\/\/ganaderiagavira.es\/en\/wp-json\/wp\/v2\/pages"}],"about":[{"href":"https:\/\/ganaderiagavira.es\/en\/wp-json\/wp\/v2\/types\/page"}],"author":[{"embeddable":true,"href":"https:\/\/ganaderiagavira.es\/en\/wp-json\/wp\/v2\/users\/1"}],"replies":[{"embeddable":true,"href":"https:\/\/ganaderiagavira.es\/en\/wp-json\/wp\/v2\/comments?post=3"}],"version-history":[{"count":4,"href":"https:\/\/ganaderiagavira.es\/en\/wp-json\/wp\/v2\/pages\/3\/revisions"}],"predecessor-version":[{"id":791,"href":"https:\/\/ganaderiagavira.es\/en\/wp-json\/wp\/v2\/pages\/3\/revisions\/791"}],"wp:attachment":[{"href":"https:\/\/ganaderiagavira.es\/en\/wp-json\/wp\/v2\/media?parent=3"}],"curies":[{"name":"wp","href":"https:\/\/api.w.org\/{rel}","templated":true}]}}