{"id":220,"date":"2019-11-24T20:53:55","date_gmt":"2019-11-24T20:53:55","guid":{"rendered":"http:\/\/s807502248.mialojamiento.es\/?page_id=220"},"modified":"2019-12-19T10:13:40","modified_gmt":"2019-12-19T09:13:40","slug":"aviso-legal","status":"publish","type":"page","link":"https:\/\/ganaderiagavira.es\/en\/aviso-legal\/","title":{"rendered":"Legal warning"},"content":{"rendered":"<div data-elementor-type=\"wp-page\" data-elementor-id=\"220\" class=\"elementor elementor-220\" data-elementor-post-type=\"page\">\n\t\t\t\t\t\t<section class=\"elementor-section elementor-top-section elementor-element elementor-element-76c86ddd elementor-section-boxed elementor-section-height-default elementor-section-height-default\" data-id=\"76c86ddd\" data-element_type=\"section\">\n\t\t\t\t\t\t<div class=\"elementor-container elementor-column-gap-default\">\n\t\t\t\t\t<div class=\"elementor-column elementor-col-100 elementor-top-column elementor-element elementor-element-6c4926c4\" data-id=\"6c4926c4\" data-element_type=\"column\">\n\t\t\t<div class=\"elementor-widget-wrap elementor-element-populated\">\n\t\t\t\t\t\t<div class=\"elementor-element elementor-element-29896da6 elementor-widget elementor-widget-text-editor\" data-id=\"29896da6\" data-element_type=\"widget\" data-widget_type=\"text-editor.default\">\n\t\t\t\t<div class=\"elementor-widget-container\">\n\t\t\t\t\t\t\t<!-- wp:paragraph -->\n<p><strong>AVISO LEGAL<\/strong><\/p>\n<!-- \/wp:paragraph --><!-- wp:paragraph -->\n<p><strong>TERMINOS Y CONDICIONES EN LA UTILIZACION DE LA PAGINA WEB<\/strong><\/p>\n<!-- \/wp:paragraph --><!-- wp:paragraph -->\n<p><strong>Informaci\u00f3n general<\/strong><\/p>\n<!-- \/wp:paragraph --><!-- wp:paragraph -->\n<p>La p\u00e1gina\u00a0<strong>www.ganaderiagavira.es<\/strong> es un dominio en Internet, que contiene un portal o p\u00e1gina Web, cuya titularidad es de Juan Antonio Gavira Garc\u00eda(en adelante La Empresa), con <strong>C.I.F. 32047435V <\/strong>, y con domicilio social en\u00a0<strong>Ctra. C440 Km.88, Los Barrios (C\u00e1diz)<\/strong><\/p>\n<!-- \/wp:paragraph --><!-- wp:paragraph -->\n<p>La p\u00e1gina Web tiene por objeto facilitar al usuario y clientes informaci\u00f3n relativa a las actividades y servicios de la organizaci\u00f3n.<\/p>\n<!-- \/wp:paragraph --><!-- wp:paragraph -->\n<p>Con esta pagina Web, se pretende prestar un servicio \u00fatil, por lo que las sugerencias de los usuarios son bienvenidas. Pero si no esta de acuerdo con alguna de las condiciones contenidas en este aviso, deber\u00e1 dejar de utilizar la pagina Web. El acceso a la misma implica la aceptaci\u00f3n de las mismas sin reservas. La utilizaci\u00f3n de determinados servicios ofrecidos en este sitio se regir\u00e1, adem\u00e1s, por las condiciones particulares previstas en cada caso, las cuales se entender\u00e1n aceptadas por el mero uso de tales servicios.<\/p>\n<!-- \/wp:paragraph --><!-- wp:paragraph -->\n<p><strong>Condiciones de utilizaci\u00f3n del portal<\/strong><\/p>\n<!-- \/wp:paragraph --><!-- wp:paragraph -->\n<p>Las condiciones establecidas a continuaci\u00f3n regulan el uso permitido de la p\u00e1gina Web:<\/p>\n<!-- \/wp:paragraph --><!-- wp:list {\"ordered\":true} -->\n<ol>\n<li><strong>Acceso:<\/strong>\u00a0Los usuarios pueden visitar las secciones p\u00fablicas del portal libremente.<\/li>\n<li><strong>Modificaciones de la p\u00e1gina e interrupciones o errores en el acceso<\/strong>: La Empresa, se reserva la facultad de efectuar, en cualquier momento y sin necesidad de previo aviso, modificaciones y actualizaciones de la informaci\u00f3n contenida en la p\u00e1gina Web, de la configuraci\u00f3n y presentaci\u00f3n de \u00e9sta y de las condiciones de acceso.<\/li>\n<\/ol>\n<!-- \/wp:list --><!-- wp:paragraph -->\n<p>La Empresa no es responsable de los fallos que se produzcan en las comunicaciones, no garantizando la disponibilidad y continuidad del funcionamiento del portal y de los servicios, por ello no garantiza la inexistencia de interrupciones o errores en el acceso a la pagina Web o a su contenido. Adem\u00e1s, llevara a cabo, siempre que no concurran causas que lo hagan imposible o de dif\u00edcil ejecuci\u00f3n, y tan pronto tenga noticia de los errores, desconexiones o falta de actualizaci\u00f3n en los contenidos, todas aquellas labores tendentes a subsanar los errores, restablecer la comunicaci\u00f3n y actualizar los contenidos<\/p>\n<!-- \/wp:paragraph --><!-- wp:list {\"ordered\":true} -->\n<ol>\n<li><strong>Propiedad intelectual:<\/strong>\u00a0Salvo indicaci\u00f3n expresa, el contenido de la p\u00e1gina Web, im\u00e1genes, textos y datos, son propiedad de La Empresa. Asimismo, es propiedad su c\u00f3digo fuente, dise\u00f1o y estructura de navegaci\u00f3n. Corresponde a La Empresa el ejercicio exclusivo de los derechos de explotaci\u00f3n de los mismos en cualquier forma, y en especial los derechos de reproducci\u00f3n, distribuci\u00f3n, comunicaci\u00f3n p\u00fablica y transformaci\u00f3n .Todo este material esta protegido por la legislaci\u00f3n de la propiedad intelectual y su uso indebido puede ser objeto de sanciones, incluso penales.<\/li>\n<\/ol>\n<!-- \/wp:list --><!-- wp:paragraph -->\n<p>La consulta o descarga de contenidos de la p\u00e1gina o de cualquier software no implicara la cesi\u00f3n de ning\u00fan derecho de propiedad intelectual o industrial sobre los mismos.<\/p>\n<!-- \/wp:paragraph --><!-- wp:paragraph -->\n<p>Se autoriza la visualizaci\u00f3n, impresi\u00f3n y descarga parcial del contenido de la p\u00e1gina Web s\u00f3lo y exclusivamente si concurren las siguientes condiciones:<\/p>\n<!-- \/wp:paragraph --><!-- wp:paragraph -->\n<p>Que sea compatible con los fines de la p\u00e1gina Web.<\/p>\n<!-- \/wp:paragraph --><!-- wp:paragraph -->\n<p>Que no se realice con fines comerciales o para su distribuci\u00f3n, comunicaci\u00f3n p\u00fablica o transformaci\u00f3n.<\/p>\n<!-- \/wp:paragraph --><!-- wp:paragraph -->\n<p>Que ninguno de los contenidos de la p\u00e1gina Web sea modificado.<\/p>\n<!-- \/wp:paragraph --><!-- wp:paragraph -->\n<p>Que ning\u00fan grafico, icono o imagen disponible en la Web sea utilizado, copiado o distribuido separadamente del texto o del resto de im\u00e1genes que lo acompa\u00f1an.<\/p>\n<!-- \/wp:paragraph --><!-- wp:paragraph -->\n<p>Que se cite la fuente.<\/p>\n<!-- \/wp:paragraph --><!-- wp:paragraph -->\n<p>Toda la informaci\u00f3n que se reciba en estas p\u00e1ginas, tal como comentarios, sugerencias o ideas, se considerara cedida a t\u00edtulo gratuito. No env\u00ede informaci\u00f3n que no pueda ser tratada de esta forma.<\/p>\n<!-- \/wp:paragraph --><!-- wp:list {\"ordered\":true} -->\n<ol>\n<li><strong>Seguridad:<\/strong>\u00a0La Empresa consciente de los riesgos derivados de enfrentarse a los nuevos retos que supone extender sus servicios a trav\u00e9s de Internet, ha dispuesto de exigentes medidas de seguridad para reducir dichos riesgos.<\/li>\n<\/ol>\n<!-- \/wp:list --><!-- wp:paragraph -->\n<p>No obstante, no se puede garantizar la invulnerabilidad absoluta de sus sistemas de seguridad, por lo que excluye cualquier tipo de responsabilidad por da\u00f1os y perjuicios de toda naturaleza que puedan deberse a la presencia de virus u otros elementos que puedan producir alteraciones en el sistema inform\u00e1tico(software y hardware), documentos electr\u00f3nicos y ficheros del usuario o de cualquier tercero, incluyendo los que se produzcan en los servicios prestados por terceros a trav\u00e9s de este portal.<\/p>\n<!-- \/wp:paragraph --><!-- wp:paragraph -->\n<p>Los usuarios quedan informados de que la utilizaci\u00f3n de los sistemas electr\u00f3nicos de transmisi\u00f3n de datos y el correo electr\u00f3nico no ofrece garant\u00edas absolutas de seguridad. El usuario de se exonera mutuamente de cualquier responsabilidad derivada de hechos como la no recepci\u00f3n o la demora de la misma, el error o intercepci\u00f3n de las comunicaciones.<\/p>\n<!-- \/wp:paragraph --><!-- wp:list {\"ordered\":true} -->\n<ol>\n<li><strong>Contenidos y p\u00e1ginas enlazadas<\/strong>: La informaci\u00f3n contenida en esta Web, tiene car\u00e1cter meramente informativo; y, en ning\u00fan caso, constituye ning\u00fan tipo obligaci\u00f3n contractual.<\/li>\n<\/ol>\n<!-- \/wp:list --><!-- wp:paragraph -->\n<p>La funci\u00f3n de los links, o enlaces, que aparecen en esta pagina es exclusivamente la de informar al usuario sobre la existencia de otras fuentes de informaci\u00f3n sobre la materia en Internet, donde podr\u00e1 ampliar o completar los datos ofrecidos en esta pagina. No ser\u00e1 responsable del resultado obtenido a trav\u00e9s de dichos enlaces.<\/p>\n<!-- \/wp:paragraph --><!-- wp:paragraph -->\n<p>En todo caso, La Empresa no asume responsabilidad alguna derivada de los contenidos enlazados desde la su pagina Web, ni garantiza la ausencia de virus u otros elementos en los mismos que puedan producir alteraciones en el sistema inform\u00e1tico (hardware y software), en los documentos o los ficheros del usuario, excluyendo cualquier responsabilidad por los da\u00f1os de cualquier clase causados al usuario por este motivo.<\/p>\n<!-- \/wp:paragraph --><!-- wp:paragraph -->\n<p>Aunque los enlaces son supervisados regularmente para que no suceda, en el caso de que cualquier usuario o un tercero, considerara que el contenido o los servicios prestados por las paginas enlazadas son il\u00edcitos, vulneran valores o principios constitucionales, o lesionan bienes o derechos del propio usuario o de un tercero se ruega que se comunique inmediatamente a La Empresa, dicha circunstancia y especialmente si los enlaces consisten en:<\/p>\n<!-- \/wp:paragraph --><!-- wp:paragraph -->\n<p>Actividades o contenidos susceptibles de ser considerados delictivos conforme la normativa penal espa\u00f1ola.<\/p>\n<!-- \/wp:paragraph --><!-- wp:paragraph -->\n<p>Actividades o contenidos que violen derechos de propiedad intelectual o industrial.<\/p>\n<!-- \/wp:paragraph --><!-- wp:paragraph -->\n<p>Actividades o contenidos que pongan en peligro el orden p\u00fablico, la investigaci\u00f3n penal, la seguridad p\u00fablica y la defensa nacional.<\/p>\n<!-- \/wp:paragraph --><!-- wp:paragraph -->\n<p>Actividades o contenidos que pongan en peligro la protecci\u00f3n de la salud p\u00fablica, el respeto a la dignidad de la persona, al principio de no discriminaci\u00f3n, la protecci\u00f3n de la salud y la infancia o cualquier otro valor o principio constitucional.<\/p>\n<!-- \/wp:paragraph --><!-- wp:list {\"ordered\":true} -->\n<ol>\n<li><strong>Protecci\u00f3n de datos personales:<\/strong>\u00a0Los datos personales vinculados a esta Web respetan las exigencias de la legislaci\u00f3n vigente en materia de protecci\u00f3n de datos personales.<\/li>\n<\/ol>\n<!-- \/wp:list --><!-- wp:paragraph -->\n<p>La Empresa, tratara los datos de car\u00e1cter personal que se recojan a trav\u00e9s de esta Web cumpliendo con la normativa vigente sobre protecci\u00f3n de datos.<\/p>\n<!-- \/wp:paragraph --><!-- wp:paragraph -->\n<p>As\u00ed:<\/p>\n<!-- \/wp:paragraph --><!-- wp:paragraph -->\n<p>\u2013 la inclusi\u00f3n en ficheros es absolutamente voluntaria y es debidamente anunciada<\/p>\n<!-- \/wp:paragraph --><!-- wp:paragraph -->\n<p>\u2013 los ficheros a los que se incorporen datos personales est\u00e1n dados de alta en las Agencias de Protecci\u00f3n de Datos competentes, y protegidos por las medidas de seguridad exigidas por la legislaci\u00f3n.<\/p>\n<!-- \/wp:paragraph --><!-- wp:paragraph -->\n<p>\u2013 los datos s\u00f3lo ser\u00e1n utilizados para la finalidad para la que se hayan recogido<\/p>\n<!-- \/wp:paragraph --><!-- wp:paragraph -->\n<p>\u2013 todas las personas que se incorporen al fichero creado podr\u00e1n ejercer los derechos de acceso, rectificaci\u00f3n, cancelaci\u00f3n y oposici\u00f3n en la forma prevista por la normativa vigente de protecci\u00f3n de datos<\/p>\n<!-- \/wp:paragraph --><!-- wp:paragraph -->\n<p>\u2013 salvo indicaci\u00f3n en diferente sentido, el responsable del fichero ser\u00e1 La Empresa, donde el usuario podr\u00e1 dirigirse para ejercitar los derechos de acceso, rectificaci\u00f3n, oposici\u00f3n y cancelaci\u00f3n.<\/p>\n<!-- \/wp:paragraph --><!-- wp:list {\"ordered\":true} -->\n<ol>\n<li><strong>Enlace de terceros a la Web www.ganaderiagavira.es:<\/strong>\u00a0Todo enlace de terceros a la Web debe serlo a su p\u00e1gina principal, quedando expresamente prohibidos los \u201clinks profundos\u00bb, el \u201cframing\u00bb y cualquier otro aprovechamiento de los contenidos de la Web a favor de terceros no autorizados.<\/li>\n<li><strong>Responsabilidades:<\/strong>\u00a0No ser\u00e1, en ning\u00fan caso, responsable, por los da\u00f1os y perjuicios de cualquier tipo derivados, directa o indirectamente, de la falta de lectura de este aviso, o del incumplimiento de las obligaciones especificadas en las condiciones establecidas en el mismo. Asimismo, de acuerdo con lo expuesto en estas condiciones, La Empresa excluye cualquier responsabilidad por los da\u00f1os y perjuicios de toda naturaleza que puedan deberse a la transmisi\u00f3n, difusi\u00f3n, almacenamiento, puesta a disposici\u00f3n, recepci\u00f3n, obtenci\u00f3n o acceso a la p\u00e1gina Web o sus contenidos.<\/li>\n<\/ol>\n<!-- \/wp:list --><!-- wp:paragraph -->\n<p>No se responsabiliza del uso indebido del portal y de sus contenidos y servicios, ni puede garantizar, aunque sea su \u00e1nimo, la certeza de sus contenidos. Igualmente no garantiza la veracidad de los contenidos publicitarios de cualquier bien, producto o servicio anunciado.<\/p>\n<!-- \/wp:paragraph --><!-- wp:paragraph -->\n<p>El usuario responder\u00e1 de los da\u00f1os y perjuicios que una actitud negligente suya pudiera ocasionar a este portal.<\/p>\n<!-- \/wp:paragraph --><!-- wp:list {\"ordered\":true} -->\n<ol>\n<li><strong>Fuero jurisdiccional:<\/strong>\u00a0La Empresa y el usuario, con renuncia expresa a cualquier otro fuero, se someten para cualquier controversia que pudiera derivarse del acceso o uso de la Web al de los Juzgados y Tribunales donde radique la actividad de la organizaci\u00f3n.<\/li>\n<\/ol>\n<!-- \/wp:list -->\t\t\t\t\t\t<\/div>\n\t\t\t\t<\/div>\n\t\t\t\t\t<\/div>\n\t\t<\/div>\n\t\t\t\t\t<\/div>\n\t\t<\/section>\n\t\t\t\t<\/div>","protected":false},"excerpt":{"rendered":"<p>AVISO LEGAL TERMINOS Y CONDICIONES EN LA UTILIZACION DE LA PAGINA WEB Informaci\u00f3n general La p\u00e1gina\u00a0www.ganaderiagavira.es es un dominio en Internet, que contiene un portal o p\u00e1gina Web, cuya titularidad es de Juan Antonio Gavira Garc\u00eda(en adelante La Empresa), con C.I.F. 32047435V , y con domicilio social en\u00a0Ctra. C440 Km.88, Los Barrios (C\u00e1diz) La p\u00e1gina [&hellip;]<\/p>","protected":false},"author":1,"featured_media":0,"parent":0,"menu_order":0,"comment_status":"closed","ping_status":"closed","template":"elementor_header_footer","meta":{"footnotes":""},"_links":{"self":[{"href":"https:\/\/ganaderiagavira.es\/en\/wp-json\/wp\/v2\/pages\/220"}],"collection":[{"href":"https:\/\/ganaderiagavira.es\/en\/wp-json\/wp\/v2\/pages"}],"about":[{"href":"https:\/\/ganaderiagavira.es\/en\/wp-json\/wp\/v2\/types\/page"}],"author":[{"embeddable":true,"href":"https:\/\/ganaderiagavira.es\/en\/wp-json\/wp\/v2\/users\/1"}],"replies":[{"embeddable":true,"href":"https:\/\/ganaderiagavira.es\/en\/wp-json\/wp\/v2\/comments?post=220"}],"version-history":[{"count":2,"href":"https:\/\/ganaderiagavira.es\/en\/wp-json\/wp\/v2\/pages\/220\/revisions"}],"predecessor-version":[{"id":770,"href":"https:\/\/ganaderiagavira.es\/en\/wp-json\/wp\/v2\/pages\/220\/revisions\/770"}],"wp:attachment":[{"href":"https:\/\/ganaderiagavira.es\/en\/wp-json\/wp\/v2\/media?parent=220"}],"curies":[{"name":"wp","href":"https:\/\/api.w.org\/{rel}","templated":true}]}}